{"id":59,"date":"2011-12-12T21:42:33","date_gmt":"2011-12-12T19:42:33","guid":{"rendered":"http:\/\/localhost\/vps\/?page_id=26"},"modified":"2011-12-29T17:40:40","modified_gmt":"2011-12-29T15:40:40","slug":"fotografia","status":"publish","type":"page","link":"http:\/\/www.video-photosoffia.pl\/?page_id=59","title":{"rendered":"Photo"},"content":{"rendered":"<p style=\"text-align: justify;\">Oferujemy nast\u0119puj\u0105ce opcje do wyboru:<\/p>\n<p>\u2022\u00a0\u00a0 \u00a0<strong>Pakiet PODSTAWOWY<\/strong> : zdj\u0119cia w formie cyfrowej na p\u0142ycie DVD<\/p>\n<p>\u2022\u00a0\u00a0 \u00a0<strong>Pakiet ROZSZERZONY<\/strong>: zdj\u0119cia w formie cyfrowej na p\u0142ycie DVD oraz album ze zdj\u0119ciami (ok. 100-150 szt. wybranych)<\/p>\n<p>\u2022\u00a0\u00a0 \u00a0<strong>Pakiet z FOTOKSI\u0104\u017bK\u0104<\/strong> : zdj\u0119cia w formie cyfrowej na p\u0142ycie DVD i ksi\u0105\u017cka foto stworzona z wybranych zdj\u0119\u0107<\/p>\n<p>\u2022\u00a0\u00a0 \u00a0<strong>Pakiet MAXI<\/strong> : zdj\u0119cia w formie cyfrowej na p\u0142ycie DVD, album ze zdj\u0119ciami (ok. 100-150 szt. wybranych) oraz ksi\u0105\u017cka foto stworzona z wybranych zdj\u0119\u0107.<\/p>\n","protected":false},"excerpt":{"rendered":"<p>Oferujemy nast\u0119puj\u0105ce opcje do wyboru: \u2022\u00a0\u00a0 \u00a0Pakiet PODSTAWOWY : zdj\u0119cia w formie cyfrowej na p\u0142ycie DVD \u2022\u00a0\u00a0 \u00a0Pakiet ROZSZERZONY: zdj\u0119cia w formie cyfrowej na p\u0142ycie DVD oraz album ze zdj\u0119ciami (ok. 100-150 szt. wybranych) \u2022\u00a0\u00a0 \u00a0Pakiet z FOTOKSI\u0104\u017bK\u0104 : zdj\u0119cia &hellip; <a href=\"http:\/\/www.video-photosoffia.pl\/?page_id=59\"><\/a><\/p>\n","protected":false},"author":2,"featured_media":0,"parent":57,"menu_order":3,"comment_status":"closed","ping_status":"closed","template":"","meta":{"ngg_post_thumbnail":0},"_links":{"self":[{"href":"http:\/\/www.video-photosoffia.pl\/index.php?rest_route=\/wp\/v2\/pages\/59"}],"collection":[{"href":"http:\/\/www.video-photosoffia.pl\/index.php?rest_route=\/wp\/v2\/pages"}],"about":[{"href":"http:\/\/www.video-photosoffia.pl\/index.php?rest_route=\/wp\/v2\/types\/page"}],"author":[{"embeddable":true,"href":"http:\/\/www.video-photosoffia.pl\/index.php?rest_route=\/wp\/v2\/users\/2"}],"replies":[{"embeddable":true,"href":"http:\/\/www.video-photosoffia.pl\/index.php?rest_route=%2Fwp%2Fv2%2Fcomments&post=59"}],"version-history":[{"count":4,"href":"http:\/\/www.video-photosoffia.pl\/index.php?rest_route=\/wp\/v2\/pages\/59\/revisions"}],"predecessor-version":[{"id":181,"href":"http:\/\/www.video-photosoffia.pl\/index.php?rest_route=\/wp\/v2\/pages\/59\/revisions\/181"}],"up":[{"embeddable":true,"href":"http:\/\/www.video-photosoffia.pl\/index.php?rest_route=\/wp\/v2\/pages\/57"}],"wp:attachment":[{"href":"http:\/\/www.video-photosoffia.pl\/index.php?rest_route=%2Fwp%2Fv2%2Fmedia&parent=59"}],"curies":[{"name":"wp","href":"https:\/\/api.w.org\/{rel}","templated":true}]}}